{"id":4573,"date":"2022-03-09T14:57:24","date_gmt":"2022-03-09T13:57:24","guid":{"rendered":"https:\/\/kay-international.de\/terms"},"modified":"2025-03-17T08:48:23","modified_gmt":"2025-03-17T07:48:23","slug":"terms","status":"publish","type":"page","link":"https:\/\/kay-international.de\/en\/terms","title":{"rendered":"Terms"},"content":{"rendered":"\t\t<div data-elementor-type=\"wp-page\" data-elementor-id=\"4573\" class=\"elementor elementor-4573 elementor-4294\" data-elementor-post-type=\"page\">\n\t\t\t\t\t\t<section class=\"elementor-section elementor-top-section elementor-element elementor-element-b9014ee elementor-reverse-mobile elementor-reverse-tablet elementor-section-boxed elementor-section-height-default elementor-section-height-default elementor-invisible\" data-id=\"b9014ee\" data-element_type=\"section\" data-settings=\"{&quot;animation&quot;:&quot;fadeIn&quot;}\">\n\t\t\t\t\t\t<div class=\"elementor-container elementor-column-gap-default\">\n\t\t\t\t\t<div class=\"elementor-column elementor-col-100 elementor-top-column elementor-element elementor-element-aa7b0d6\" data-id=\"aa7b0d6\" data-element_type=\"column\">\n\t\t\t<div class=\"elementor-widget-wrap elementor-element-populated\">\n\t\t\t\t\t\t<div class=\"elementor-element elementor-element-b9c5c00 elementor-widget__width-initial elementor-widget elementor-widget-heading\" data-id=\"b9c5c00\" data-element_type=\"widget\" data-widget_type=\"heading.default\">\n\t\t\t\t<div class=\"elementor-widget-container\">\n\t\t\t\t\t<h1 class=\"elementor-heading-title elementor-size-default\">School rules<\/h1>\t\t\t\t<\/div>\n\t\t\t\t<\/div>\n\t\t\t\t<div class=\"elementor-element elementor-element-3d5cecf elementor-widget elementor-widget-text-editor\" data-id=\"3d5cecf\" data-element_type=\"widget\" data-widget_type=\"text-editor.default\">\n\t\t\t\t<div class=\"elementor-widget-container\">\n\t\t\t\t\t\t\t\t\t<div class=\"wpb_text_column wpb_content_element \"><div class=\"wpb_wrapper\"><h3><strong>Contractual and data protection provisions<\/strong><\/h3><ul><li>A school year consists of 35 teaching units and this number of teaching units is the basis for calculating our fees, which are spread evenly over the year. This means that fees are charged throughout the year, including during the vacations.<\/li><li>In the KIDS CLUB, a lesson lasts 60 minutes and takes place once a week.<\/li><li>The groups are made up of a maximum of 10 children.<\/li><li>It is possible to join at any time during the current school year.<\/li><li>Classes canceled for reasons for which the school management is responsible will of course be made up.<\/li><li>Regular attendance is a prerequisite for the continuous improvement of your child&#8217;s English language skills.<\/li><li>There are no lessons on public holidays and during school vacations in NRW.<\/li><li>You will be informed of the start and end of each school year by the school management.<\/li><li>There are no additional costs for teaching or work materials.<\/li><li>For lessons that are canceled or not taken by the member or his\/her legal guardian, there is no entitlement to a make-up or refund of the pro rata school fee.<\/li><li>The school management is liable for accidents within the scope of its public liability. Any further liability is excluded.<\/li><li>The respective house rules of the building apply to school hours.<\/li><li>For insurance reasons, children must be handed in or collected from the school management in person during school hours.<\/li><li>Outside of school hours, no supervision can be provided by the school management or its employees.<\/li><li>The school rules apply to all members. By participating in the school lessons, the member or their legal guardian accepts the school rules as binding.<\/li><li>It is important that children are brought and collected on time to ensure that lessons start smoothly!<\/li><li>If your child is unable to attend lessons due to illness or other reasons, this should be communicated immediately by telephone.<\/li><li>If the group size is less than 4 children, the school management reserves the right to combine groups of the same level and age.<\/li><li>The place of jurisdiction for both parties is Bonn.<\/li><li>Declaration of consent (data protection) I agree that<br \/>my personal data will be processed exclusively for the fulfillment of the contract and for sending information and offers by e-mail for the purpose of self-promotion and quality assurance and will not be passed on to third parties. I have the right to information, correction or deletion of my data at any time.<\/li><\/ul><\/div><\/div><div class=\"wpb_text_column wpb_content_element \"><div class=\"wpb_wrapper\"><ul><li>The current school fees can be paid either in equal quarterly installments or monthly (12 x per year and only by direct debit). The monthly course fees are calculated in such a way that the fees are also collected during the vacations.<\/li><li>The continuous tuition fee may be either paid in 4 equal quarterly instalments or in 12 monthly instalments (12x per year by direct debit only). The monthly fees are calculated on the basis of regular monthly payment throughout the holidays.<\/li><\/ul><\/div><\/div>\t\t\t\t\t\t\t\t<\/div>\n\t\t\t\t<\/div>\n\t\t\t\t<div class=\"elementor-element elementor-element-59adec0 elementor-widget__width-initial elementor-widget elementor-widget-heading\" data-id=\"59adec0\" data-element_type=\"widget\" data-widget_type=\"heading.default\">\n\t\t\t\t<div class=\"elementor-widget-container\">\n\t\t\t\t\t<h2 class=\"elementor-heading-title elementor-size-default\">Fees<\/h2>\t\t\t\t<\/div>\n\t\t\t\t<\/div>\n\t\t\t\t<div class=\"elementor-element elementor-element-4113426 elementor-widget elementor-widget-text-editor\" data-id=\"4113426\" data-element_type=\"widget\" data-widget_type=\"text-editor.default\">\n\t\t\t\t<div class=\"elementor-widget-container\">\n\t\t\t\t\t\t\t\t\t<div class=\"wpb_text_column wpb_content_element \"><div class=\"wpb_wrapper\"><div class=\"wpb_text_column wpb_content_element \"><div class=\"wpb_wrapper\"><p><strong>Toddlers up to grade 4 (60 minutes\/week)<\/strong><\/p><\/div><\/div><div class=\"wpb_text_column wpb_content_element \"><div class=\"wpb_wrapper\"><table><tbody><tr><th>\u00a0<\/th><th>Child 1<\/th><th>Child 2<\/th><\/tr><tr><td>Monat\/monthly<\/td><td>\u20ac 59,-<\/td><td>\u20ac 53,-<\/td><\/tr><tr><td>Quartal\/quarterly<\/td><td>\u20ac 168,-<\/td><td>\u20ac 151,-<\/td><\/tr><tr><td>Aufnahmegeb\u00fchr\/Enrolment fee<\/td><td>\u20ac 50,-<\/td><td>\u20ac 45,-<\/td><\/tr><\/tbody><\/table><p><strong>Grades 5-9 (60 minutes\/week)<\/strong><\/p><table><tbody><tr><th>\u00a0<\/th><th>Child 1<\/th><th>Child 2<\/th><\/tr><tr><td>Monat\/monthly<\/td><td>\u20ac 65,-<\/td><td>\u20ac 59,-<\/td><\/tr><tr><td>Quartal\/quarterly<\/td><td>\u20ac 185,-<\/td><td>\u20ac 167,-<\/td><\/tr><tr><td>Aufnahmegeb\u00fchr\/Enrolment fee<\/td><td>\u20ac 50,-<\/td><td>\u20ac 45,-<\/td><\/tr><\/tbody><\/table><\/div><\/div><div class=\"wpb_text_column wpb_content_element \"><div class=\"wpb_wrapper\"><h3>\u00a0<\/h3><p><strong>Year EF &#8211; Q2 (90 minutes\/week)<\/strong><\/p><table><tbody><tr><th>\u00a0<\/th><th>Child 1<\/th><th>Child 2<\/th><\/tr><tr><td>Monat\/monthly<\/td><td>\u20ac 98,-<\/td><td>\u20ac 88,-<\/td><\/tr><tr><td>Quartal\/quarterly<\/td><td>\u20ac 278,-<\/td><td>\u20ac 250,-<\/td><\/tr><tr><td>Aufnahmegeb\u00fchr\/Enrolment fee<\/td><td>\u20ac 50,-<\/td><td>\u20ac 45,-<\/td><\/tr><\/tbody><\/table><\/div><p>\u00a0<\/p><p><strong>Individual lessons<\/strong> from \u20ac 47,-\/60 min. when booking <strong>at least 11 lessons<\/strong><\/p><\/div><\/div><\/div>\t\t\t\t\t\t\t\t<\/div>\n\t\t\t\t<\/div>\n\t\t\t\t<div class=\"elementor-element elementor-element-fd91688 elementor-widget__width-initial elementor-widget elementor-widget-heading\" data-id=\"fd91688\" data-element_type=\"widget\" data-widget_type=\"heading.default\">\n\t\t\t\t<div class=\"elementor-widget-container\">\n\t\t\t\t\t<h2 class=\"elementor-heading-title elementor-size-default\">Notice periods<\/h2>\t\t\t\t<\/div>\n\t\t\t\t<\/div>\n\t\t\t\t<div class=\"elementor-element elementor-element-eaef9b2 elementor-widget elementor-widget-text-editor\" data-id=\"eaef9b2\" data-element_type=\"widget\" data-widget_type=\"text-editor.default\">\n\t\t\t\t<div class=\"elementor-widget-container\">\n\t\t\t\t\t\t\t\t\t<div class=\"wpb_text_column wpb_content_element \"><div class=\"wpb_wrapper\"><div class=\"wpb_text_column wpb_content_element \"><div class=\"wpb_wrapper\"><ul><li>In order to be able to guarantee continuous lessons, membership and the notice periods are based on the 1st lesson. In order to guarantee continuous lessons, membership can be terminated at the earliest 4 weeks to the end of the 1st membership year, starting on the 1st day of lessons. From then on, there is a regular notice period of 6 weeks to the end of the respective membership quarter. The customer will receive a confirmation of termination after timely termination.<\/li><li>Um einen kontinuierlichen Lernfortschritt zu gew\u00e4hrleisten, kann der Vertrag fr\u00fchestens 4 Wochen vor Ablauf des ersten Jahres der Mitgliedschaft Ihres Kindes schriftlich gek\u00fcndigt werden. Danach kann der Vertrag alle 3 Monate mit einer Frist von 6 Wochen zum Ende der jeweiligen Mitgliedszeit schriftlich gek\u00fcndigt werden. &#8211; je nach Anmeldedatum. Nach rechtzeitiger schriftlicher K\u00fcndigung erhalten Sie eine K\u00fcndigungsbest\u00e4tigung.<\/li><li>As lateral entry is possible at any time, the respective quarter begins with the start of lessons for each child.<\/li><li>All notices of termination must be in writing \/ <strong>Notice must be given in writing<\/strong><\/li><li>Oral termination of contract will not be accept ed.<\/li><li>The terms of notice must be complied with! \/ Terms of notice must be complied with!<\/li><li>In the event of non-compliance with the school rules, the school management reserves the right to terminate membership at the end of the quarter.<\/li><\/ul><\/div><\/div><\/div><\/div>\t\t\t\t\t\t\t\t<\/div>\n\t\t\t\t<\/div>\n\t\t\t\t\t<\/div>\n\t\t<\/div>\n\t\t\t\t\t<\/div>\n\t\t<\/section>\n\t\t\t\t<\/div>\n\t\t","protected":false},"excerpt":{"rendered":"<p>School rules Contractual and data protection provisions A school year consists of 35 teaching units and this number of teaching units is the basis for calculating our fees, which are spread evenly over the year. This means that fees are charged throughout the year, including during the vacations. In the KIDS CLUB, a lesson lasts [&hellip;]<\/p>\n","protected":false},"author":1,"featured_media":0,"parent":0,"menu_order":0,"comment_status":"closed","ping_status":"closed","template":"","meta":{"_acf_changed":false,"footnotes":""},"class_list":["post-4573","page","type-page","status-publish","hentry"],"acf":[],"_links":{"self":[{"href":"https:\/\/kay-international.de\/en\/wp-json\/wp\/v2\/pages\/4573","targetHints":{"allow":["GET"]}}],"collection":[{"href":"https:\/\/kay-international.de\/en\/wp-json\/wp\/v2\/pages"}],"about":[{"href":"https:\/\/kay-international.de\/en\/wp-json\/wp\/v2\/types\/page"}],"author":[{"embeddable":true,"href":"https:\/\/kay-international.de\/en\/wp-json\/wp\/v2\/users\/1"}],"replies":[{"embeddable":true,"href":"https:\/\/kay-international.de\/en\/wp-json\/wp\/v2\/comments?post=4573"}],"version-history":[{"count":3,"href":"https:\/\/kay-international.de\/en\/wp-json\/wp\/v2\/pages\/4573\/revisions"}],"predecessor-version":[{"id":6709,"href":"https:\/\/kay-international.de\/en\/wp-json\/wp\/v2\/pages\/4573\/revisions\/6709"}],"wp:attachment":[{"href":"https:\/\/kay-international.de\/en\/wp-json\/wp\/v2\/media?parent=4573"}],"curies":[{"name":"wp","href":"https:\/\/api.w.org\/{rel}","templated":true}]}}